{"id":1355,"date":"2021-02-02T08:21:45","date_gmt":"2021-02-02T08:21:45","guid":{"rendered":"https:\/\/alexanderstyles7878.live-website.com\/about\/"},"modified":"2026-04-11T10:17:07","modified_gmt":"2026-04-11T08:17:07","slug":"about","status":"publish","type":"page","link":"https:\/\/www.alexander-styles.de\/de\/about\/","title":{"rendered":"\u00dcber mich"},"content":{"rendered":"<h2>\u00dcber mich<\/h2>\n<p>F\u00fchlt sich immer noch an wie gestern. An einem regnerischen Oktobertag 2008 habe ich mich zum ersten Mal an einen Schreibtisch im Frankfurter KekstCNC B\u00fcro gesetzt. Mit wenig Vorahnung, was die n\u00e4chsten Jahre so parat halten w\u00fcrden.<\/p>\n<p>An der Uni hie\u00df es oft \u2013 ihr benutzt das hier sowieso nie. Aber ich war \u00fcberrascht, wie viel harte und softe Skills aus meinen Studieng\u00e4ngen Politik &amp; Wirtschaft (Bachelor) und Corporate Communications &amp; Reputation Management (Master) ich direkt anwenden konnte.<\/p>\n<p>Spulen wir vor durch eine Achterbahnfahrt durch unterschiedliche Kommunikationsdisziplinen, Branchen und B\u00fcros. An einem regnerischen Novembertag 2016 sage ich Adieu zu meinen KekstCNC Kolleg:innen in London, bereit f\u00fcr\u2019s Corporate Abenteuer. Auch wenn sich der Wechsel zu Zalando alles andere als \u2018Corporate\u2018 angef\u00fchlt hat.<\/p>\n<p>Wachstum war das Gebot der Stunde, f\u00fcr Zalando und f\u00fcr mich. In meinem ersten E-Commerce-Jahr habe ich eine Weiterbildung zum Certified Investor Relations Officer (CIRO) abgeschlossen. Und bei Zalando hatte meine Job Description selten l\u00e4nger Bestand als sechs Monate. Egal ob Expertenrolle oder Teamleitung \u2013 sechs Jahre lang ging es bei mir beruflich nur darum, \u201adie Zalando-Geschichte\u2018 zu erz\u00e4hlen.<\/p>\n<p>Seit 2022 werfe ich meine Erfahrungen als Selbstst\u00e4ndiger f\u00fcr unterschiedliche Mandanten in die Waagschale.<\/p>\n<p>\t\t\t\t\t\t\t\t\t\t\t\t\t\t\t<img fetchpriority=\"high\" decoding=\"async\" width=\"683\" height=\"1024\" src=\"https:\/\/www.alexander-styles.de\/wp-content\/uploads\/2023\/10\/1673864814261-683x1024.jpeg\" alt=\"\" srcset=\"https:\/\/www.alexander-styles.de\/wp-content\/uploads\/2023\/10\/1673864814261-683x1024.jpeg 683w, https:\/\/www.alexander-styles.de\/wp-content\/uploads\/2023\/10\/1673864814261-200x300.jpeg 200w, https:\/\/www.alexander-styles.de\/wp-content\/uploads\/2023\/10\/1673864814261-768x1152.jpeg 768w, https:\/\/www.alexander-styles.de\/wp-content\/uploads\/2023\/10\/1673864814261-1024x1536.jpeg 1024w, https:\/\/www.alexander-styles.de\/wp-content\/uploads\/2023\/10\/1673864814261.jpeg 1280w\" sizes=\"(max-width: 683px) 100vw, 683px\" \/>\t\t\t\t\t\t\t\t\t\t\t\t\t\t\t<\/p>\n<h6>Erfahrung<\/h6>\n<p>\t\t\t\t\t\t\t\t\t\t\t\t\t\t\t<img decoding=\"async\" width=\"1024\" height=\"289\" src=\"https:\/\/www.alexander-styles.de\/wp-content\/uploads\/2023\/10\/Zalando-1024x289.png\" alt=\"\" srcset=\"https:\/\/www.alexander-styles.de\/wp-content\/uploads\/2023\/10\/Zalando-1024x289.png 1024w, https:\/\/www.alexander-styles.de\/wp-content\/uploads\/2023\/10\/Zalando-300x85.png 300w, https:\/\/www.alexander-styles.de\/wp-content\/uploads\/2023\/10\/Zalando-768x216.png 768w, https:\/\/www.alexander-styles.de\/wp-content\/uploads\/2023\/10\/Zalando.png 1125w\" sizes=\"(max-width: 1024px) 100vw, 1024px\" \/><br \/>\n\t\t\t\t\t\t\t\t\t\t\t\t\t\t\t<img decoding=\"async\" width=\"1024\" height=\"289\" src=\"https:\/\/www.alexander-styles.de\/wp-content\/uploads\/2023\/10\/KEKST_CNC-1024x289.png\" alt=\"\" srcset=\"https:\/\/www.alexander-styles.de\/wp-content\/uploads\/2023\/10\/KEKST_CNC-1024x289.png 1024w, https:\/\/www.alexander-styles.de\/wp-content\/uploads\/2023\/10\/KEKST_CNC-300x85.png 300w, https:\/\/www.alexander-styles.de\/wp-content\/uploads\/2023\/10\/KEKST_CNC-768x216.png 768w, https:\/\/www.alexander-styles.de\/wp-content\/uploads\/2023\/10\/KEKST_CNC.png 1125w\" sizes=\"(max-width: 1024px) 100vw, 1024px\" \/>\t\t\t\t\t\t\t\t\t\t\t\t\t\t\t<\/p>\n<h6>Ausbildung<\/h6>\n<p>\t\t\t\t\t\t\t\t\t\t\t\t\t\t\t<img loading=\"lazy\" decoding=\"async\" width=\"1024\" height=\"289\" src=\"https:\/\/www.alexander-styles.de\/wp-content\/uploads\/2023\/10\/WWU_Munster-1024x289.png\" alt=\"\" srcset=\"https:\/\/www.alexander-styles.de\/wp-content\/uploads\/2023\/10\/WWU_Munster-1024x289.png 1024w, https:\/\/www.alexander-styles.de\/wp-content\/uploads\/2023\/10\/WWU_Munster-300x85.png 300w, https:\/\/www.alexander-styles.de\/wp-content\/uploads\/2023\/10\/WWU_Munster-768x216.png 768w, https:\/\/www.alexander-styles.de\/wp-content\/uploads\/2023\/10\/WWU_Munster.png 1125w\" sizes=\"(max-width: 1024px) 100vw, 1024px\" \/><br \/>\n\t\t\t\t\t\t\t\t\t\t\t\t\t\t\t<img loading=\"lazy\" decoding=\"async\" width=\"1024\" height=\"289\" src=\"https:\/\/www.alexander-styles.de\/wp-content\/uploads\/2023\/10\/University_of_Manchester-1024x289.png\" alt=\"\" srcset=\"https:\/\/www.alexander-styles.de\/wp-content\/uploads\/2023\/10\/University_of_Manchester-1024x289.png 1024w, https:\/\/www.alexander-styles.de\/wp-content\/uploads\/2023\/10\/University_of_Manchester-300x85.png 300w, https:\/\/www.alexander-styles.de\/wp-content\/uploads\/2023\/10\/University_of_Manchester-768x216.png 768w, https:\/\/www.alexander-styles.de\/wp-content\/uploads\/2023\/10\/University_of_Manchester.png 1125w\" sizes=\"(max-width: 1024px) 100vw, 1024px\" \/><br \/>\n\t\t\t\t\t\t\t\t\t\t\t\t\t\t\t<img loading=\"lazy\" decoding=\"async\" width=\"540\" height=\"152\" src=\"https:\/\/www.alexander-styles.de\/wp-content\/uploads\/2023\/11\/Frankfurt_School.jpg\" alt=\"\" srcset=\"https:\/\/www.alexander-styles.de\/wp-content\/uploads\/2023\/11\/Frankfurt_School.jpg 540w, https:\/\/www.alexander-styles.de\/wp-content\/uploads\/2023\/11\/Frankfurt_School-300x84.jpg 300w\" sizes=\"(max-width: 540px) 100vw, 540px\" \/><\/p>\n\n\n<p><\/p>","protected":false},"excerpt":{"rendered":"<p>About It still feels like yesterday. On a rainy October day in 2008 I sat down behind a desk at KekstCNC in Frankfurt for the first time. Little did I know about the variety my \u2018first real job\u2019 had in store for me. And while I always thought that formal education did not matter as &hellip;<\/p>\n<p class=\"read-more\"> <a class=\"\" href=\"https:\/\/www.alexander-styles.de\/de\/about\/\"> <span class=\"screen-reader-text\">\u00dcber mich<\/span> Weiterlesen &raquo;<\/a><\/p>","protected":false},"author":1,"featured_media":0,"parent":0,"menu_order":0,"comment_status":"closed","ping_status":"closed","template":"","meta":{"site-sidebar-layout":"no-sidebar","site-content-layout":"page-builder","ast-site-content-layout":"full-width-container","site-content-style":"unboxed","site-sidebar-style":"unboxed","ast-global-header-display":"","ast-banner-title-visibility":"","ast-main-header-display":"","ast-hfb-above-header-display":"","ast-hfb-below-header-display":"","ast-hfb-mobile-header-display":"","site-post-title":"disabled","ast-breadcrumbs-content":"disabled","ast-featured-img":"disabled","footer-sml-layout":"","theme-transparent-header-meta":"enabled","adv-header-id-meta":"","stick-header-meta":"","header-above-stick-meta":"","header-main-stick-meta":"","header-below-stick-meta":"","astra-migrate-meta-layouts":"set","ast-page-background-enabled":"default","ast-page-background-meta":{"desktop":{"background-color":"","background-image":"","background-repeat":"repeat","background-position":"center center","background-size":"auto","background-attachment":"scroll","background-type":"","background-media":"","overlay-type":"","overlay-color":"","overlay-gradient":""},"tablet":{"background-color":"","background-image":"","background-repeat":"repeat","background-position":"center center","background-size":"auto","background-attachment":"scroll","background-type":"","background-media":"","overlay-type":"","overlay-color":"","overlay-gradient":""},"mobile":{"background-color":"","background-image":"","background-repeat":"repeat","background-position":"center center","background-size":"auto","background-attachment":"scroll","background-type":"","background-media":"","overlay-type":"","overlay-color":"","overlay-gradient":""}},"ast-content-background-meta":{"desktop":{"background-color":"var(--ast-global-color-5)","background-image":"","background-repeat":"repeat","background-position":"center center","background-size":"auto","background-attachment":"scroll","background-type":"","background-media":"","overlay-type":"","overlay-color":"","overlay-gradient":""},"tablet":{"background-color":"var(--ast-global-color-5)","background-image":"","background-repeat":"repeat","background-position":"center center","background-size":"auto","background-attachment":"scroll","background-type":"","background-media":"","overlay-type":"","overlay-color":"","overlay-gradient":""},"mobile":{"background-color":"var(--ast-global-color-5)","background-image":"","background-repeat":"repeat","background-position":"center center","background-size":"auto","background-attachment":"scroll","background-type":"","background-media":"","overlay-type":"","overlay-color":"","overlay-gradient":""}},"footnotes":""},"class_list":["post-1355","page","type-page","status-publish","hentry"],"_links":{"self":[{"href":"https:\/\/www.alexander-styles.de\/de\/wp-json\/wp\/v2\/pages\/1355","targetHints":{"allow":["GET"]}}],"collection":[{"href":"https:\/\/www.alexander-styles.de\/de\/wp-json\/wp\/v2\/pages"}],"about":[{"href":"https:\/\/www.alexander-styles.de\/de\/wp-json\/wp\/v2\/types\/page"}],"author":[{"embeddable":true,"href":"https:\/\/www.alexander-styles.de\/de\/wp-json\/wp\/v2\/users\/1"}],"replies":[{"embeddable":true,"href":"https:\/\/www.alexander-styles.de\/de\/wp-json\/wp\/v2\/comments?post=1355"}],"version-history":[{"count":81,"href":"https:\/\/www.alexander-styles.de\/de\/wp-json\/wp\/v2\/pages\/1355\/revisions"}],"predecessor-version":[{"id":2461,"href":"https:\/\/www.alexander-styles.de\/de\/wp-json\/wp\/v2\/pages\/1355\/revisions\/2461"}],"wp:attachment":[{"href":"https:\/\/www.alexander-styles.de\/de\/wp-json\/wp\/v2\/media?parent=1355"}],"curies":[{"name":"wp","href":"https:\/\/api.w.org\/{rel}","templated":true}]}}