{"id":2124,"date":"2024-09-27T00:25:46","date_gmt":"2024-09-26T22:25:46","guid":{"rendered":"https:\/\/www.alexander-styles.de\/?page_id=2124"},"modified":"2025-12-22T10:45:01","modified_gmt":"2025-12-22T09:45:01","slug":"verantwortung","status":"publish","type":"page","link":"https:\/\/www.alexander-styles.de\/de\/responsibility\/","title":{"rendered":"Verantwortung"},"content":{"rendered":"<div data-elementor-type=\"wp-page\" data-elementor-id=\"2124\" class=\"elementor elementor-2124\" data-elementor-post-type=\"page\">\n\t\t\t\t<div class=\"elementor-element elementor-element-7e92243 e-flex e-con-boxed e-con e-parent\" data-id=\"7e92243\" data-element_type=\"container\" data-e-type=\"container\">\n\t\t\t\t\t<div class=\"e-con-inner\">\n\t\t\t\t<div class=\"elementor-element elementor-element-f8243b7 elementor-widget elementor-widget-spacer\" data-id=\"f8243b7\" data-element_type=\"widget\" data-e-type=\"widget\" data-widget_type=\"spacer.default\">\n\t\t\t\t<div class=\"elementor-widget-container\">\n\t\t\t\t\t\t\t<div class=\"elementor-spacer\">\n\t\t\t<div class=\"elementor-spacer-inner\"><\/div>\n\t\t<\/div>\n\t\t\t\t\t\t<\/div>\n\t\t\t\t<\/div>\n\t\t\t\t\t<\/div>\n\t\t\t\t<\/div>\n\t\t<div class=\"elementor-element elementor-element-2491537 e-flex e-con-boxed e-con e-parent\" data-id=\"2491537\" data-element_type=\"container\" data-e-type=\"container\">\n\t\t\t\t\t<div class=\"e-con-inner\">\n\t\t\t\t<div class=\"elementor-element elementor-element-a8a769c elementor-widget elementor-widget-spacer\" data-id=\"a8a769c\" data-element_type=\"widget\" data-e-type=\"widget\" data-widget_type=\"spacer.default\">\n\t\t\t\t<div class=\"elementor-widget-container\">\n\t\t\t\t\t\t\t<div class=\"elementor-spacer\">\n\t\t\t<div class=\"elementor-spacer-inner\"><\/div>\n\t\t<\/div>\n\t\t\t\t\t\t<\/div>\n\t\t\t\t<\/div>\n\t\t\t\t<div class=\"elementor-element elementor-element-a0f8dd9 elementor-widget elementor-widget-heading\" data-id=\"a0f8dd9\" data-element_type=\"widget\" data-e-type=\"widget\" data-widget_type=\"heading.default\">\n\t\t\t\t<div class=\"elementor-widget-container\">\n\t\t\t\t\t<h2 class=\"elementor-heading-title elementor-size-default\">Verantwortung<\/h2>\t\t\t\t<\/div>\n\t\t\t\t<\/div>\n\t\t\t\t\t<\/div>\n\t\t\t\t<\/div>\n\t\t<div class=\"elementor-element elementor-element-eb3b618 e-flex e-con-boxed e-con e-parent\" data-id=\"eb3b618\" data-element_type=\"container\" data-e-type=\"container\">\n\t\t\t\t\t<div class=\"e-con-inner\">\n\t\t<div class=\"elementor-element elementor-element-f2d59ff e-con-full e-flex e-con e-child\" data-id=\"f2d59ff\" data-element_type=\"container\" data-e-type=\"container\">\n\t\t\t\t<div class=\"elementor-element elementor-element-15f1fe6 elementor-widget elementor-widget-text-editor\" data-id=\"15f1fe6\" data-element_type=\"widget\" data-e-type=\"widget\" data-widget_type=\"text-editor.default\">\n\t\t\t\t<div class=\"elementor-widget-container\">\n\t\t\t\t\t\t\t\t\t<p><span style=\"font-weight: 400;\">Ich bin privilegiert aufgewachsen. In einem demokratischen Land mit Meinungs- und Pressefreiheit. In stabilen Familienverh\u00e4ltnissen und einem engen Freundeskreis. Meinen Beruf konnte ich passend zu meinen Talenten suchen und nicht aus der Not heraus.\u00a0<\/span><\/p><p>\u00a0<\/p><p><span style=\"font-weight: 400;\">Zuk\u00fcnftige Generationen sollen die gleichen, wenn nicht bessere Voraussetzungen haben. Jedes Jahr unterst\u00fctze ich mit einem Prozent meines Gewinns Organisationen, die in diesen Bereichen einen positiven Beitrag leisten.\u00a0<\/span><\/p><p>\u00a0<\/p><p><span style=\"font-weight: 400;\">Demokratie | <\/span><span style=\"text-decoration: underline;\"><a href=\"https:\/\/www.exit-deutschland.de\" target=\"_blank\" rel=\"noopener\"><span style=\"font-weight: 400;\">EXIT-Germany<\/span><\/a><\/span><span style=\"font-weight: 400;\"> hilft Menschen, die mit Extremismus brechen und sich ein neues Leben aufbauen wollen.<\/span><\/p><p>\u00a0<\/p><p><span style=\"font-weight: 400;\">Medien | <\/span><span style=\"text-decoration: underline;\"><a href=\"https:\/\/correctiv.org\/\" target=\"_blank\" rel=\"noopener\"><span style=\"font-weight: 400;\">Correctiv<\/span><\/a><\/span> <span style=\"font-weight: 400;\">ist ein gemeinwohlorientiertes Medienhaus, das Demokratie st\u00e4rkt.<\/span><\/p><p>\u00a0<\/p><p><span style=\"font-weight: 400;\">Natur | <\/span><span style=\"text-decoration: underline;\"><a href=\"https:\/\/sea-shepherd.de\/\" target=\"_blank\" rel=\"noopener\"><span style=\"font-weight: 400;\">Sea Shepherd<\/span><\/a><\/span><span style=\"font-weight: 400;\"> ist eine internationale, gemeinn\u00fctzige Meeresschutzorganisation zum Erhalt der Artenvielfalt und des marinen \u00d6kosystems.<\/span><\/p><p>\u00a0<\/p><p><span style=\"font-weight: 400;\">Kinder | <\/span><span style=\"text-decoration: underline;\"><a href=\"https:\/\/www.gemeinde-brechen.de\/gemeinde\/aktuelles\/details\/kids-for-kids-festival-bricht-im-jubilaeumsjahr-alle-rekorde\" target=\"_blank\" rel=\"noopener\"><span style=\"font-weight: 400;\">KidsForKids Festival<\/span><\/a><\/span><span style=\"font-weight: 400;\"> ist ein lokales Festival, das Kinder st\u00e4rkt und mit den Erl\u00f6sen Familien unterst\u00fctzt, deren Kinder besondere Hilfe ben\u00f6tigen.<\/span><\/p><p>\u00a0<\/p><p>\u00a0<\/p>\t\t\t\t\t\t\t\t<\/div>\n\t\t\t\t<\/div>\n\t\t\t\t<\/div>\n\t\t<div class=\"elementor-element elementor-element-924bc31 e-con-full e-flex e-con e-child\" data-id=\"924bc31\" data-element_type=\"container\" data-e-type=\"container\">\n\t\t\t\t<\/div>\n\t\t\t\t\t<\/div>\n\t\t\t\t<\/div>\n\t\t\t\t<\/div>","protected":false},"excerpt":{"rendered":"<p>Responsibility I come from a position of privilege. Growing up in a democratic country with freedom of speech and free press. I enjoyed a stable family and circle of friends and count myself lucky to have built a career on my talents and not out of necessity.\u00a0 \u00a0 Future generations should find the same, if &hellip;<\/p>\n<p class=\"read-more\"> <a class=\"\" href=\"https:\/\/www.alexander-styles.de\/de\/responsibility\/\"> <span class=\"screen-reader-text\">Verantwortung<\/span> Weiterlesen &raquo;<\/a><\/p>","protected":false},"author":1,"featured_media":0,"parent":0,"menu_order":0,"comment_status":"closed","ping_status":"closed","template":"","meta":{"site-sidebar-layout":"no-sidebar","site-content-layout":"page-builder","ast-site-content-layout":"full-width-container","site-content-style":"default","site-sidebar-style":"default","ast-global-header-display":"","ast-banner-title-visibility":"","ast-main-header-display":"","ast-hfb-above-header-display":"","ast-hfb-below-header-display":"","ast-hfb-mobile-header-display":"","site-post-title":"disabled","ast-breadcrumbs-content":"","ast-featured-img":"disabled","footer-sml-layout":"","theme-transparent-header-meta":"","adv-header-id-meta":"","stick-header-meta":"","header-above-stick-meta":"","header-main-stick-meta":"","header-below-stick-meta":"","astra-migrate-meta-layouts":"set","ast-page-background-enabled":"default","ast-page-background-meta":{"desktop":{"background-color":"","background-image":"","background-repeat":"repeat","background-position":"center center","background-size":"auto","background-attachment":"scroll","background-type":"","background-media":"","overlay-type":"","overlay-color":"","overlay-gradient":""},"tablet":{"background-color":"","background-image":"","background-repeat":"repeat","background-position":"center center","background-size":"auto","background-attachment":"scroll","background-type":"","background-media":"","overlay-type":"","overlay-color":"","overlay-gradient":""},"mobile":{"background-color":"","background-image":"","background-repeat":"repeat","background-position":"center center","background-size":"auto","background-attachment":"scroll","background-type":"","background-media":"","overlay-type":"","overlay-color":"","overlay-gradient":""}},"ast-content-background-meta":{"desktop":{"background-color":"var(--ast-global-color-5)","background-image":"","background-repeat":"repeat","background-position":"center center","background-size":"auto","background-attachment":"scroll","background-type":"","background-media":"","overlay-type":"","overlay-color":"","overlay-gradient":""},"tablet":{"background-color":"var(--ast-global-color-5)","background-image":"","background-repeat":"repeat","background-position":"center center","background-size":"auto","background-attachment":"scroll","background-type":"","background-media":"","overlay-type":"","overlay-color":"","overlay-gradient":""},"mobile":{"background-color":"var(--ast-global-color-5)","background-image":"","background-repeat":"repeat","background-position":"center center","background-size":"auto","background-attachment":"scroll","background-type":"","background-media":"","overlay-type":"","overlay-color":"","overlay-gradient":""}},"footnotes":""},"class_list":["post-2124","page","type-page","status-publish","hentry"],"_links":{"self":[{"href":"https:\/\/www.alexander-styles.de\/de\/wp-json\/wp\/v2\/pages\/2124","targetHints":{"allow":["GET"]}}],"collection":[{"href":"https:\/\/www.alexander-styles.de\/de\/wp-json\/wp\/v2\/pages"}],"about":[{"href":"https:\/\/www.alexander-styles.de\/de\/wp-json\/wp\/v2\/types\/page"}],"author":[{"embeddable":true,"href":"https:\/\/www.alexander-styles.de\/de\/wp-json\/wp\/v2\/users\/1"}],"replies":[{"embeddable":true,"href":"https:\/\/www.alexander-styles.de\/de\/wp-json\/wp\/v2\/comments?post=2124"}],"version-history":[{"count":13,"href":"https:\/\/www.alexander-styles.de\/de\/wp-json\/wp\/v2\/pages\/2124\/revisions"}],"predecessor-version":[{"id":2352,"href":"https:\/\/www.alexander-styles.de\/de\/wp-json\/wp\/v2\/pages\/2124\/revisions\/2352"}],"wp:attachment":[{"href":"https:\/\/www.alexander-styles.de\/de\/wp-json\/wp\/v2\/media?parent=2124"}],"curies":[{"name":"wp","href":"https:\/\/api.w.org\/{rel}","templated":true}]}}