{"id":2196,"date":"2025-11-25T11:40:12","date_gmt":"2025-11-25T10:40:12","guid":{"rendered":"https:\/\/www.alexander-styles.de\/?page_id=2196"},"modified":"2025-12-23T23:43:17","modified_gmt":"2025-12-23T22:43:17","slug":"corporate-communications","status":"publish","type":"page","link":"https:\/\/www.alexander-styles.de\/de\/services\/corporate-communications\/","title":{"rendered":"Unternehmenskommunikation"},"content":{"rendered":"<div data-elementor-type=\"wp-page\" data-elementor-id=\"2196\" class=\"elementor elementor-2196\" data-elementor-post-type=\"page\">\n\t\t\t\t<div class=\"elementor-element elementor-element-4ad1521 e-flex e-con-boxed e-con e-parent\" data-id=\"4ad1521\" data-element_type=\"container\" data-e-type=\"container\">\n\t\t\t\t\t<div class=\"e-con-inner\">\n\t\t\t\t<div class=\"elementor-element elementor-element-d9e59b0 elementor-widget elementor-widget-spacer\" data-id=\"d9e59b0\" data-element_type=\"widget\" data-e-type=\"widget\" data-widget_type=\"spacer.default\">\n\t\t\t\t<div class=\"elementor-widget-container\">\n\t\t\t\t\t\t\t<div class=\"elementor-spacer\">\n\t\t\t<div class=\"elementor-spacer-inner\"><\/div>\n\t\t<\/div>\n\t\t\t\t\t\t<\/div>\n\t\t\t\t<\/div>\n\t\t\t\t\t<\/div>\n\t\t\t\t<\/div>\n\t\t<div class=\"elementor-element elementor-element-05ac9be e-flex e-con-boxed e-con e-parent\" data-id=\"05ac9be\" data-element_type=\"container\" data-e-type=\"container\">\n\t\t\t\t\t<div class=\"e-con-inner\">\n\t\t<div class=\"elementor-element elementor-element-5f709d0 e-con-full e-flex e-con e-child\" data-id=\"5f709d0\" data-element_type=\"container\" data-e-type=\"container\">\n\t\t\t\t<div class=\"elementor-element elementor-element-7d5438f elementor-widget elementor-widget-heading\" data-id=\"7d5438f\" data-element_type=\"widget\" data-e-type=\"widget\" data-widget_type=\"heading.default\">\n\t\t\t\t<div class=\"elementor-widget-container\">\n\t\t\t\t\t<h2 class=\"elementor-heading-title elementor-size-default\">Unternehmenskommunikation<\/h2>\t\t\t\t<\/div>\n\t\t\t\t<\/div>\n\t\t\t\t<div class=\"elementor-element elementor-element-003522a elementor-widget elementor-widget-heading\" data-id=\"003522a\" data-element_type=\"widget\" data-e-type=\"widget\" data-widget_type=\"heading.default\">\n\t\t\t\t<div class=\"elementor-widget-container\">\n\t\t\t\t\t<h1 class=\"elementor-heading-title elementor-size-default\">F\u00fchrung braucht klare Botschaften. Reputation entscheidet \u00fcber Erfolg.<br>\nIch berate strategisch und setze um. F\u00fcr <i>maximale<\/i> Wirkung.<\/h1>\t\t\t\t<\/div>\n\t\t\t\t<\/div>\n\t\t\t\t<div class=\"elementor-element elementor-element-7730af8 elementor-widget elementor-widget-text-editor\" data-id=\"7730af8\" data-element_type=\"widget\" data-e-type=\"widget\" data-widget_type=\"text-editor.default\">\n\t\t\t\t<div class=\"elementor-widget-container\">\n\t\t\t\t\t\t\t\t\t<h2>Kommunikations-Strategie<\/h2><p>Kommunikation ist nur dann strategisch, wenn sie auf die Unternehmensziele einzahlt. Gemeinsam leiten wir Zielgruppen, Botschaften, Kan\u00e4le und Formate direkt aus den Unternehmenszielen ab.<\/p><h2>\u00a0<\/h2><h2>Media Relations, Pressearbeit<\/h2><p>Ihre Themen erreichen Entscheider \u2013 Investoren, Kunden, Mitarbeiter. Gemeinsam identifizieren wir relevante Themen und die passenden Redaktionen.<\/p><h2>\u00a0<\/h2><h2>Interne Kommunikation<\/h2><p><em>\u201eWie sage ich es meinen Mitarbeitenden?\u201c<\/em><\/p><p>Sch\u00f6nwetter-Kommunikation ist einfach. Krisen und Ver\u00e4nderungen brauchen Haltung und klare Worte. Wir entwickeln daf\u00fcr Botschaften und w\u00e4hlen den optimalen Kanalmix.<\/p>\t\t\t\t\t\t\t\t<\/div>\n\t\t\t\t<\/div>\n\t\t\t\t<\/div>\n\t\t<div class=\"elementor-element elementor-element-47e2f83 e-con-full e-flex e-con e-child\" data-id=\"47e2f83\" data-element_type=\"container\" data-e-type=\"container\">\n\t\t\t\t<div class=\"elementor-element elementor-element-fcbc96f elementor-widget elementor-widget-image\" data-id=\"fcbc96f\" data-element_type=\"widget\" data-e-type=\"widget\" data-widget_type=\"image.default\">\n\t\t\t\t<div class=\"elementor-widget-container\">\n\t\t\t\t\t\t\t\t\t\t\t\t\t\t\t<img fetchpriority=\"high\" decoding=\"async\" width=\"1024\" height=\"1024\" src=\"https:\/\/www.alexander-styles.de\/wp-content\/uploads\/2023\/10\/Arrow-1024x1024.png\" class=\"attachment-large size-large wp-image-1775\" alt=\"\" srcset=\"https:\/\/www.alexander-styles.de\/wp-content\/uploads\/2023\/10\/Arrow-1024x1024.png 1024w, https:\/\/www.alexander-styles.de\/wp-content\/uploads\/2023\/10\/Arrow-300x300.png 300w, https:\/\/www.alexander-styles.de\/wp-content\/uploads\/2023\/10\/Arrow-150x150.png 150w, https:\/\/www.alexander-styles.de\/wp-content\/uploads\/2023\/10\/Arrow-768x768.png 768w, https:\/\/www.alexander-styles.de\/wp-content\/uploads\/2023\/10\/Arrow-1536x1536.png 1536w, https:\/\/www.alexander-styles.de\/wp-content\/uploads\/2023\/10\/Arrow.png 2000w\" sizes=\"(max-width: 1024px) 100vw, 1024px\" \/>\t\t\t\t\t\t\t\t\t\t\t\t\t\t\t<\/div>\n\t\t\t\t<\/div>\n\t\t\t\t<\/div>\n\t\t\t\t\t<\/div>\n\t\t\t\t<\/div>\n\t\t<div class=\"elementor-element elementor-element-b1e8d71 e-flex e-con-boxed e-con e-parent\" data-id=\"b1e8d71\" data-element_type=\"container\" data-e-type=\"container\">\n\t\t\t\t\t<div class=\"e-con-inner\">\n\t\t\t\t<div class=\"elementor-element elementor-element-c5eb0a8 elementor-widget elementor-widget-spacer\" data-id=\"c5eb0a8\" data-element_type=\"widget\" data-e-type=\"widget\" data-widget_type=\"spacer.default\">\n\t\t\t\t<div class=\"elementor-widget-container\">\n\t\t\t\t\t\t\t<div class=\"elementor-spacer\">\n\t\t\t<div class=\"elementor-spacer-inner\"><\/div>\n\t\t<\/div>\n\t\t\t\t\t\t<\/div>\n\t\t\t\t<\/div>\n\t\t\t\t<div class=\"elementor-element elementor-element-4c9ea02 elementor-widget elementor-widget-button\" data-id=\"4c9ea02\" data-element_type=\"widget\" data-e-type=\"widget\" data-widget_type=\"button.default\">\n\t\t\t\t<div class=\"elementor-widget-container\">\n\t\t\t\t\t\t\t\t\t<div class=\"elementor-button-wrapper\">\n\t\t\t\t\t<a class=\"elementor-button elementor-button-link elementor-size-sm\" href=\"http:\/\/www.alexander-styles.de\/de\/contact\/\">\n\t\t\t\t\t\t<span class=\"elementor-button-content-wrapper\">\n\t\t\t\t\t\t\t\t\t<span class=\"elementor-button-text\">Kontakt<\/span>\n\t\t\t\t\t<\/span>\n\t\t\t\t\t<\/a>\n\t\t\t\t<\/div>\n\t\t\t\t\t\t\t\t<\/div>\n\t\t\t\t<\/div>\n\t\t\t\t<div class=\"elementor-element elementor-element-bdf8eae elementor-widget elementor-widget-spacer\" data-id=\"bdf8eae\" data-element_type=\"widget\" data-e-type=\"widget\" data-widget_type=\"spacer.default\">\n\t\t\t\t<div class=\"elementor-widget-container\">\n\t\t\t\t\t\t\t<div class=\"elementor-spacer\">\n\t\t\t<div class=\"elementor-spacer-inner\"><\/div>\n\t\t<\/div>\n\t\t\t\t\t\t<\/div>\n\t\t\t\t<\/div>\n\t\t\t\t\t<\/div>\n\t\t\t\t<\/div>\n\t\t\t\t<\/div>","protected":false},"excerpt":{"rendered":"<p>Corporate Communications In a world where reputation determines success, clear messages lead the way. Strategic advice and execution. For maximum impact. Communications Strategy Communication is only strategic when it delivers against corporate objectives. Together, we derive target audiences, messaging, channels, and formats directly from your business goals. \u00a0 Media Relations Your topics reach key decision-makers &hellip;<\/p>\n<p class=\"read-more\"> <a class=\"\" href=\"https:\/\/www.alexander-styles.de\/de\/services\/corporate-communications\/\"> <span class=\"screen-reader-text\">Unternehmenskommunikation<\/span> Weiterlesen &raquo;<\/a><\/p>","protected":false},"author":3,"featured_media":0,"parent":1486,"menu_order":3,"comment_status":"closed","ping_status":"closed","template":"elementor_theme","meta":{"site-sidebar-layout":"no-sidebar","site-content-layout":"page-builder","ast-site-content-layout":"full-width-container","site-content-style":"default","site-sidebar-style":"default","ast-global-header-display":"","ast-banner-title-visibility":"","ast-main-header-display":"","ast-hfb-above-header-display":"","ast-hfb-below-header-display":"","ast-hfb-mobile-header-display":"","site-post-title":"disabled","ast-breadcrumbs-content":"","ast-featured-img":"disabled","footer-sml-layout":"","theme-transparent-header-meta":"","adv-header-id-meta":"","stick-header-meta":"","header-above-stick-meta":"","header-main-stick-meta":"","header-below-stick-meta":"","astra-migrate-meta-layouts":"set","ast-page-background-enabled":"default","ast-page-background-meta":{"desktop":{"background-color":"","background-image":"","background-repeat":"repeat","background-position":"center center","background-size":"auto","background-attachment":"scroll","background-type":"","background-media":"","overlay-type":"","overlay-color":"","overlay-gradient":""},"tablet":{"background-color":"","background-image":"","background-repeat":"repeat","background-position":"center center","background-size":"auto","background-attachment":"scroll","background-type":"","background-media":"","overlay-type":"","overlay-color":"","overlay-gradient":""},"mobile":{"background-color":"","background-image":"","background-repeat":"repeat","background-position":"center center","background-size":"auto","background-attachment":"scroll","background-type":"","background-media":"","overlay-type":"","overlay-color":"","overlay-gradient":""}},"ast-content-background-meta":{"desktop":{"background-color":"var(--ast-global-color-5)","background-image":"","background-repeat":"repeat","background-position":"center center","background-size":"auto","background-attachment":"scroll","background-type":"","background-media":"","overlay-type":"","overlay-color":"","overlay-gradient":""},"tablet":{"background-color":"var(--ast-global-color-5)","background-image":"","background-repeat":"repeat","background-position":"center center","background-size":"auto","background-attachment":"scroll","background-type":"","background-media":"","overlay-type":"","overlay-color":"","overlay-gradient":""},"mobile":{"background-color":"var(--ast-global-color-5)","background-image":"","background-repeat":"repeat","background-position":"center center","background-size":"auto","background-attachment":"scroll","background-type":"","background-media":"","overlay-type":"","overlay-color":"","overlay-gradient":""}},"footnotes":""},"class_list":["post-2196","page","type-page","status-publish","hentry"],"_links":{"self":[{"href":"https:\/\/www.alexander-styles.de\/de\/wp-json\/wp\/v2\/pages\/2196","targetHints":{"allow":["GET"]}}],"collection":[{"href":"https:\/\/www.alexander-styles.de\/de\/wp-json\/wp\/v2\/pages"}],"about":[{"href":"https:\/\/www.alexander-styles.de\/de\/wp-json\/wp\/v2\/types\/page"}],"author":[{"embeddable":true,"href":"https:\/\/www.alexander-styles.de\/de\/wp-json\/wp\/v2\/users\/3"}],"replies":[{"embeddable":true,"href":"https:\/\/www.alexander-styles.de\/de\/wp-json\/wp\/v2\/comments?post=2196"}],"version-history":[{"count":28,"href":"https:\/\/www.alexander-styles.de\/de\/wp-json\/wp\/v2\/pages\/2196\/revisions"}],"predecessor-version":[{"id":2391,"href":"https:\/\/www.alexander-styles.de\/de\/wp-json\/wp\/v2\/pages\/2196\/revisions\/2391"}],"up":[{"embeddable":true,"href":"https:\/\/www.alexander-styles.de\/de\/wp-json\/wp\/v2\/pages\/1486"}],"wp:attachment":[{"href":"https:\/\/www.alexander-styles.de\/de\/wp-json\/wp\/v2\/media?parent=2196"}],"curies":[{"name":"wp","href":"https:\/\/api.w.org\/{rel}","templated":true}]}}