{"id":2236,"date":"2025-11-25T11:55:16","date_gmt":"2025-11-25T10:55:16","guid":{"rendered":"https:\/\/www.alexander-styles.de\/?page_id=2236"},"modified":"2025-12-24T00:06:38","modified_gmt":"2025-12-23T23:06:38","slug":"keynotes-workshops","status":"publish","type":"page","link":"https:\/\/www.alexander-styles.de\/de\/services\/keynotes-workshops\/","title":{"rendered":"Vortr\u00e4ge &amp; Workshops"},"content":{"rendered":"<div data-elementor-type=\"wp-page\" data-elementor-id=\"2236\" class=\"elementor elementor-2236\" data-elementor-post-type=\"page\">\n\t\t\t\t<div class=\"elementor-element elementor-element-4ad1521 e-flex e-con-boxed e-con e-parent\" data-id=\"4ad1521\" data-element_type=\"container\" data-e-type=\"container\">\n\t\t\t\t\t<div class=\"e-con-inner\">\n\t\t\t\t<div class=\"elementor-element elementor-element-d9e59b0 elementor-widget elementor-widget-spacer\" data-id=\"d9e59b0\" data-element_type=\"widget\" data-e-type=\"widget\" data-widget_type=\"spacer.default\">\n\t\t\t\t<div class=\"elementor-widget-container\">\n\t\t\t\t\t\t\t<div class=\"elementor-spacer\">\n\t\t\t<div class=\"elementor-spacer-inner\"><\/div>\n\t\t<\/div>\n\t\t\t\t\t\t<\/div>\n\t\t\t\t<\/div>\n\t\t\t\t\t<\/div>\n\t\t\t\t<\/div>\n\t\t<div class=\"elementor-element elementor-element-05ac9be e-flex e-con-boxed e-con e-parent\" data-id=\"05ac9be\" data-element_type=\"container\" data-e-type=\"container\">\n\t\t\t\t\t<div class=\"e-con-inner\">\n\t\t<div class=\"elementor-element elementor-element-5f709d0 e-con-full e-flex e-con e-child\" data-id=\"5f709d0\" data-element_type=\"container\" data-e-type=\"container\">\n\t\t\t\t<div class=\"elementor-element elementor-element-7d5438f elementor-widget elementor-widget-heading\" data-id=\"7d5438f\" data-element_type=\"widget\" data-e-type=\"widget\" data-widget_type=\"heading.default\">\n\t\t\t\t<div class=\"elementor-widget-container\">\n\t\t\t\t\t<h2 class=\"elementor-heading-title elementor-size-default\">Vortr\u00e4ge &amp; Workshops<\/h2>\t\t\t\t<\/div>\n\t\t\t\t<\/div>\n\t\t\t\t<div class=\"elementor-element elementor-element-003522a elementor-widget elementor-widget-heading\" data-id=\"003522a\" data-element_type=\"widget\" data-e-type=\"widget\" data-widget_type=\"heading.default\">\n\t\t\t\t<div class=\"elementor-widget-container\">\n\t\t\t\t\t<h1 class=\"elementor-heading-title elementor-size-default\">Wissen ist ein Hebel. Ich gebe in Vortr\u00e4gen mein Wissen weiter oder setze gezielte Impulse zur Diskussion. F\u00fcr Teams, die effektiver kommunizieren.<\/h1>\t\t\t\t<\/div>\n\t\t\t\t<\/div>\n\t\t\t\t<div class=\"elementor-element elementor-element-7730af8 elementor-widget elementor-widget-text-editor\" data-id=\"7730af8\" data-element_type=\"widget\" data-e-type=\"widget\" data-widget_type=\"text-editor.default\">\n\t\t\t\t<div class=\"elementor-widget-container\">\n\t\t\t\t\t\t\t\t\t<h2>Kommunikation &amp; Wirkung<\/h2><p>Wirkung schaffen. Wir \u00fcbersetzen Kommunikationstheorie in direkte F\u00fchrungspraxis. F\u00fchrungskr\u00e4fte und Experten lernen, Botschaften bei Kollegen, Partnern und Stakeholdern gezielt zu platzieren.<\/p><h2>\u00a0<\/h2><h2>Kapitalmarkt &amp; Kommunikation<\/h2><p>Kapitalmarkt verstehen und erfolgreich steuern. Vom komplexen Zusammenspiel von Debt und Equity bis zur Psychologie der Investorentypen. Ich sch\u00e4rfe das Verst\u00e4ndnis f\u00fcr die Informationsanforderungen des Marktes.<\/p>\t\t\t\t\t\t\t\t<\/div>\n\t\t\t\t<\/div>\n\t\t\t\t<\/div>\n\t\t<div class=\"elementor-element elementor-element-47e2f83 e-con-full e-flex e-con e-child\" data-id=\"47e2f83\" data-element_type=\"container\" data-e-type=\"container\">\n\t\t\t\t<div class=\"elementor-element elementor-element-fcbc96f elementor-widget elementor-widget-image\" data-id=\"fcbc96f\" data-element_type=\"widget\" data-e-type=\"widget\" data-widget_type=\"image.default\">\n\t\t\t\t<div class=\"elementor-widget-container\">\n\t\t\t\t\t\t\t\t\t\t\t\t\t\t\t<img fetchpriority=\"high\" decoding=\"async\" width=\"1024\" height=\"1024\" src=\"https:\/\/www.alexander-styles.de\/wp-content\/uploads\/2023\/10\/Arrow-1024x1024.png\" class=\"attachment-large size-large wp-image-1775\" alt=\"\" srcset=\"https:\/\/www.alexander-styles.de\/wp-content\/uploads\/2023\/10\/Arrow-1024x1024.png 1024w, https:\/\/www.alexander-styles.de\/wp-content\/uploads\/2023\/10\/Arrow-300x300.png 300w, https:\/\/www.alexander-styles.de\/wp-content\/uploads\/2023\/10\/Arrow-150x150.png 150w, https:\/\/www.alexander-styles.de\/wp-content\/uploads\/2023\/10\/Arrow-768x768.png 768w, https:\/\/www.alexander-styles.de\/wp-content\/uploads\/2023\/10\/Arrow-1536x1536.png 1536w, https:\/\/www.alexander-styles.de\/wp-content\/uploads\/2023\/10\/Arrow.png 2000w\" sizes=\"(max-width: 1024px) 100vw, 1024px\" \/>\t\t\t\t\t\t\t\t\t\t\t\t\t\t\t<\/div>\n\t\t\t\t<\/div>\n\t\t\t\t<\/div>\n\t\t\t\t\t<\/div>\n\t\t\t\t<\/div>\n\t\t<div class=\"elementor-element elementor-element-b1e8d71 e-flex e-con-boxed e-con e-parent\" data-id=\"b1e8d71\" data-element_type=\"container\" data-e-type=\"container\">\n\t\t\t\t\t<div class=\"e-con-inner\">\n\t\t\t\t<div class=\"elementor-element elementor-element-c5eb0a8 elementor-widget elementor-widget-spacer\" data-id=\"c5eb0a8\" data-element_type=\"widget\" data-e-type=\"widget\" data-widget_type=\"spacer.default\">\n\t\t\t\t<div class=\"elementor-widget-container\">\n\t\t\t\t\t\t\t<div class=\"elementor-spacer\">\n\t\t\t<div class=\"elementor-spacer-inner\"><\/div>\n\t\t<\/div>\n\t\t\t\t\t\t<\/div>\n\t\t\t\t<\/div>\n\t\t\t\t<div class=\"elementor-element elementor-element-4c9ea02 elementor-widget elementor-widget-button\" data-id=\"4c9ea02\" data-element_type=\"widget\" data-e-type=\"widget\" data-widget_type=\"button.default\">\n\t\t\t\t<div class=\"elementor-widget-container\">\n\t\t\t\t\t\t\t\t\t<div class=\"elementor-button-wrapper\">\n\t\t\t\t\t<a class=\"elementor-button elementor-button-link elementor-size-sm\" href=\"http:\/\/www.alexander-styles.de\/de\/contact\/\">\n\t\t\t\t\t\t<span class=\"elementor-button-content-wrapper\">\n\t\t\t\t\t\t\t\t\t<span class=\"elementor-button-text\">Kontakt<\/span>\n\t\t\t\t\t<\/span>\n\t\t\t\t\t<\/a>\n\t\t\t\t<\/div>\n\t\t\t\t\t\t\t\t<\/div>\n\t\t\t\t<\/div>\n\t\t\t\t<div class=\"elementor-element elementor-element-bdf8eae elementor-widget elementor-widget-spacer\" data-id=\"bdf8eae\" data-element_type=\"widget\" data-e-type=\"widget\" data-widget_type=\"spacer.default\">\n\t\t\t\t<div class=\"elementor-widget-container\">\n\t\t\t\t\t\t\t<div class=\"elementor-spacer\">\n\t\t\t<div class=\"elementor-spacer-inner\"><\/div>\n\t\t<\/div>\n\t\t\t\t\t\t<\/div>\n\t\t\t\t<\/div>\n\t\t\t\t\t<\/div>\n\t\t\t\t<\/div>\n\t\t\t\t<\/div>","protected":false},"excerpt":{"rendered":"<p>Keynotes &amp; Workshops Knowledge is leverage. I share my expertise in lectures or spark discussions. For teams that communicate more effectively with their stakeholders. Communications &amp; Impact Creating impact. We translate communication theory into practice. Leaders and experts learn to place messages strategically with colleagues, partners, and stakeholders. \u00a0 Capital Markets &amp; Communication Understanding and &hellip;<\/p>\n<p class=\"read-more\"> <a class=\"\" href=\"https:\/\/www.alexander-styles.de\/de\/services\/keynotes-workshops\/\"> <span class=\"screen-reader-text\">Vortr\u00e4ge &amp; Workshops<\/span> Weiterlesen &raquo;<\/a><\/p>","protected":false},"author":3,"featured_media":0,"parent":1486,"menu_order":3,"comment_status":"closed","ping_status":"closed","template":"elementor_theme","meta":{"site-sidebar-layout":"no-sidebar","site-content-layout":"page-builder","ast-site-content-layout":"full-width-container","site-content-style":"default","site-sidebar-style":"default","ast-global-header-display":"","ast-banner-title-visibility":"","ast-main-header-display":"","ast-hfb-above-header-display":"","ast-hfb-below-header-display":"","ast-hfb-mobile-header-display":"","site-post-title":"disabled","ast-breadcrumbs-content":"","ast-featured-img":"disabled","footer-sml-layout":"","theme-transparent-header-meta":"","adv-header-id-meta":"","stick-header-meta":"","header-above-stick-meta":"","header-main-stick-meta":"","header-below-stick-meta":"","astra-migrate-meta-layouts":"set","ast-page-background-enabled":"default","ast-page-background-meta":{"desktop":{"background-color":"","background-image":"","background-repeat":"repeat","background-position":"center center","background-size":"auto","background-attachment":"scroll","background-type":"","background-media":"","overlay-type":"","overlay-color":"","overlay-gradient":""},"tablet":{"background-color":"","background-image":"","background-repeat":"repeat","background-position":"center center","background-size":"auto","background-attachment":"scroll","background-type":"","background-media":"","overlay-type":"","overlay-color":"","overlay-gradient":""},"mobile":{"background-color":"","background-image":"","background-repeat":"repeat","background-position":"center center","background-size":"auto","background-attachment":"scroll","background-type":"","background-media":"","overlay-type":"","overlay-color":"","overlay-gradient":""}},"ast-content-background-meta":{"desktop":{"background-color":"var(--ast-global-color-5)","background-image":"","background-repeat":"repeat","background-position":"center center","background-size":"auto","background-attachment":"scroll","background-type":"","background-media":"","overlay-type":"","overlay-color":"","overlay-gradient":""},"tablet":{"background-color":"var(--ast-global-color-5)","background-image":"","background-repeat":"repeat","background-position":"center center","background-size":"auto","background-attachment":"scroll","background-type":"","background-media":"","overlay-type":"","overlay-color":"","overlay-gradient":""},"mobile":{"background-color":"var(--ast-global-color-5)","background-image":"","background-repeat":"repeat","background-position":"center center","background-size":"auto","background-attachment":"scroll","background-type":"","background-media":"","overlay-type":"","overlay-color":"","overlay-gradient":""}},"footnotes":""},"class_list":["post-2236","page","type-page","status-publish","hentry"],"_links":{"self":[{"href":"https:\/\/www.alexander-styles.de\/de\/wp-json\/wp\/v2\/pages\/2236","targetHints":{"allow":["GET"]}}],"collection":[{"href":"https:\/\/www.alexander-styles.de\/de\/wp-json\/wp\/v2\/pages"}],"about":[{"href":"https:\/\/www.alexander-styles.de\/de\/wp-json\/wp\/v2\/types\/page"}],"author":[{"embeddable":true,"href":"https:\/\/www.alexander-styles.de\/de\/wp-json\/wp\/v2\/users\/3"}],"replies":[{"embeddable":true,"href":"https:\/\/www.alexander-styles.de\/de\/wp-json\/wp\/v2\/comments?post=2236"}],"version-history":[{"count":22,"href":"https:\/\/www.alexander-styles.de\/de\/wp-json\/wp\/v2\/pages\/2236\/revisions"}],"predecessor-version":[{"id":2398,"href":"https:\/\/www.alexander-styles.de\/de\/wp-json\/wp\/v2\/pages\/2236\/revisions\/2398"}],"up":[{"embeddable":true,"href":"https:\/\/www.alexander-styles.de\/de\/wp-json\/wp\/v2\/pages\/1486"}],"wp:attachment":[{"href":"https:\/\/www.alexander-styles.de\/de\/wp-json\/wp\/v2\/media?parent=2236"}],"curies":[{"name":"wp","href":"https:\/\/api.w.org\/{rel}","templated":true}]}}