{"id":1600,"date":"2023-10-25T00:02:56","date_gmt":"2023-10-24T22:02:56","guid":{"rendered":"https:\/\/alexanderstyles7878.live-website.com\/?page_id=1600"},"modified":"2025-12-22T11:17:55","modified_gmt":"2025-12-22T10:17:55","slug":"legal-notice","status":"publish","type":"page","link":"https:\/\/www.alexander-styles.de\/en\/legal-notice\/","title":{"rendered":"Legal Notice"},"content":{"rendered":"\t\t<div data-elementor-type=\"wp-page\" data-elementor-id=\"1600\" class=\"elementor elementor-1600\" data-elementor-post-type=\"page\">\n\t\t\t\t<div class=\"elementor-element elementor-element-7e92243 e-flex e-con-boxed e-con e-parent\" data-id=\"7e92243\" data-element_type=\"container\" data-e-type=\"container\">\n\t\t\t\t\t<div class=\"e-con-inner\">\n\t\t\t\t<div class=\"elementor-element elementor-element-f8243b7 elementor-widget elementor-widget-spacer\" data-id=\"f8243b7\" data-element_type=\"widget\" data-e-type=\"widget\" data-widget_type=\"spacer.default\">\n\t\t\t\t<div class=\"elementor-widget-container\">\n\t\t\t\t\t\t\t<div class=\"elementor-spacer\">\n\t\t\t<div class=\"elementor-spacer-inner\"><\/div>\n\t\t<\/div>\n\t\t\t\t\t\t<\/div>\n\t\t\t\t<\/div>\n\t\t\t\t\t<\/div>\n\t\t\t\t<\/div>\n\t\t<div class=\"elementor-element elementor-element-2491537 e-flex e-con-boxed e-con e-parent\" data-id=\"2491537\" data-element_type=\"container\" data-e-type=\"container\">\n\t\t\t\t\t<div class=\"e-con-inner\">\n\t\t\t\t<div class=\"elementor-element elementor-element-a8a769c elementor-widget elementor-widget-spacer\" data-id=\"a8a769c\" data-element_type=\"widget\" data-e-type=\"widget\" data-widget_type=\"spacer.default\">\n\t\t\t\t<div class=\"elementor-widget-container\">\n\t\t\t\t\t\t\t<div class=\"elementor-spacer\">\n\t\t\t<div class=\"elementor-spacer-inner\"><\/div>\n\t\t<\/div>\n\t\t\t\t\t\t<\/div>\n\t\t\t\t<\/div>\n\t\t\t\t<div class=\"elementor-element elementor-element-a0f8dd9 elementor-widget elementor-widget-heading\" data-id=\"a0f8dd9\" data-element_type=\"widget\" data-e-type=\"widget\" data-widget_type=\"heading.default\">\n\t\t\t\t<div class=\"elementor-widget-container\">\n\t\t\t\t\t<h2 class=\"elementor-heading-title elementor-size-default\">Legal Notice<\/h2>\t\t\t\t<\/div>\n\t\t\t\t<\/div>\n\t\t\t\t\t<\/div>\n\t\t\t\t<\/div>\n\t\t<div class=\"elementor-element elementor-element-eb3b618 e-flex e-con-boxed e-con e-parent\" data-id=\"eb3b618\" data-element_type=\"container\" data-e-type=\"container\">\n\t\t\t\t\t<div class=\"e-con-inner\">\n\t\t<div class=\"elementor-element elementor-element-f2d59ff e-con-full e-flex e-con e-child\" data-id=\"f2d59ff\" data-element_type=\"container\" data-e-type=\"container\">\n\t\t\t\t<div class=\"elementor-element elementor-element-15f1fe6 elementor-widget elementor-widget-text-editor\" data-id=\"15f1fe6\" data-element_type=\"widget\" data-e-type=\"widget\" data-widget_type=\"text-editor.default\">\n\t\t\t\t<div class=\"elementor-widget-container\">\n\t\t\t\t\t\t\t\t\t<p>Alexander Styles<br \/>Communications Advisor<br \/>Seelbacher Stra\u00dfe 13<br \/>65510 Idstein<\/p><p><strong>Contact<\/strong><br \/>Telephone: +49 6126 7003941<br \/>E-mail: office@alexander-styles.de<\/p><p><strong>VAT ID<\/strong><br \/>Value Added Tax Identification Number<br \/>according to \u00a7 27 a Umsatzsteuergesetz:<br \/>DE350506013<\/p><p><strong>Professional Indemnity Insurance<\/strong><br \/>Name and Seat of Insurer:<br \/>Hiscox SA<br \/>Arnulfstra\u00dfe 31<br \/>80636 M\u00fcnchen<br \/>Scope of Insurance Coverage:<br \/>Germany<\/p><p><strong>Editorially Responsible<\/strong><br \/>Alexander Styles<br \/>Seelbacher Stra\u00dfe 13<br \/>65510 Idstein<\/p><p><strong>Consumer Dispute Resolution\/Universal Arbitration Board<\/strong><br \/>We are neither willing nor obligated to participate in dispute resolution proceedings before a consumer arbitration board.<\/p><p><em>Source: https:\/\/www.e-recht24.de<\/em><\/p>\t\t\t\t\t\t\t\t<\/div>\n\t\t\t\t<\/div>\n\t\t\t\t<\/div>\n\t\t<div class=\"elementor-element elementor-element-924bc31 e-con-full e-flex e-con e-child\" data-id=\"924bc31\" data-element_type=\"container\" data-e-type=\"container\">\n\t\t\t\t<\/div>\n\t\t\t\t\t<\/div>\n\t\t\t\t<\/div>\n\t\t\t\t<\/div>\n\t\t","protected":false},"excerpt":{"rendered":"<p>Legal Notice Alexander StylesCommunications AdvisorSeelbacher Stra\u00dfe 1365510 Idstein ContactTelephone: +49 6126 7003941E-mail: office@alexander-styles.de VAT IDValue Added Tax Identification Numberaccording to \u00a7 27 a Umsatzsteuergesetz:DE350506013 Professional Indemnity InsuranceName and Seat of Insurer:Hiscox SAArnulfstra\u00dfe 3180636 M\u00fcnchenScope of Insurance Coverage:Germany Editorially ResponsibleAlexander StylesSeelbacher Stra\u00dfe 1365510 Idstein Consumer Dispute Resolution\/Universal Arbitration BoardWe are neither willing nor obligated to participate &hellip;<\/p>\n<p class=\"read-more\"> <a class=\"\" href=\"https:\/\/www.alexander-styles.de\/en\/legal-notice\/\"> <span class=\"screen-reader-text\">Legal Notice<\/span> Read More &raquo;<\/a><\/p>\n","protected":false},"author":1,"featured_media":0,"parent":0,"menu_order":0,"comment_status":"closed","ping_status":"closed","template":"","meta":{"site-sidebar-layout":"no-sidebar","site-content-layout":"page-builder","ast-site-content-layout":"full-width-container","site-content-style":"default","site-sidebar-style":"default","ast-global-header-display":"","ast-banner-title-visibility":"","ast-main-header-display":"","ast-hfb-above-header-display":"","ast-hfb-below-header-display":"","ast-hfb-mobile-header-display":"","site-post-title":"disabled","ast-breadcrumbs-content":"","ast-featured-img":"disabled","footer-sml-layout":"","theme-transparent-header-meta":"","adv-header-id-meta":"","stick-header-meta":"","header-above-stick-meta":"","header-main-stick-meta":"","header-below-stick-meta":"","astra-migrate-meta-layouts":"set","ast-page-background-enabled":"default","ast-page-background-meta":{"desktop":{"background-color":"","background-image":"","background-repeat":"repeat","background-position":"center center","background-size":"auto","background-attachment":"scroll","background-type":"","background-media":"","overlay-type":"","overlay-color":"","overlay-gradient":""},"tablet":{"background-color":"","background-image":"","background-repeat":"repeat","background-position":"center center","background-size":"auto","background-attachment":"scroll","background-type":"","background-media":"","overlay-type":"","overlay-color":"","overlay-gradient":""},"mobile":{"background-color":"","background-image":"","background-repeat":"repeat","background-position":"center center","background-size":"auto","background-attachment":"scroll","background-type":"","background-media":"","overlay-type":"","overlay-color":"","overlay-gradient":""}},"ast-content-background-meta":{"desktop":{"background-color":"var(--ast-global-color-5)","background-image":"","background-repeat":"repeat","background-position":"center center","background-size":"auto","background-attachment":"scroll","background-type":"","background-media":"","overlay-type":"","overlay-color":"","overlay-gradient":""},"tablet":{"background-color":"var(--ast-global-color-5)","background-image":"","background-repeat":"repeat","background-position":"center center","background-size":"auto","background-attachment":"scroll","background-type":"","background-media":"","overlay-type":"","overlay-color":"","overlay-gradient":""},"mobile":{"background-color":"var(--ast-global-color-5)","background-image":"","background-repeat":"repeat","background-position":"center center","background-size":"auto","background-attachment":"scroll","background-type":"","background-media":"","overlay-type":"","overlay-color":"","overlay-gradient":""}},"footnotes":""},"class_list":["post-1600","page","type-page","status-publish","hentry"],"_links":{"self":[{"href":"https:\/\/www.alexander-styles.de\/en\/wp-json\/wp\/v2\/pages\/1600","targetHints":{"allow":["GET"]}}],"collection":[{"href":"https:\/\/www.alexander-styles.de\/en\/wp-json\/wp\/v2\/pages"}],"about":[{"href":"https:\/\/www.alexander-styles.de\/en\/wp-json\/wp\/v2\/types\/page"}],"author":[{"embeddable":true,"href":"https:\/\/www.alexander-styles.de\/en\/wp-json\/wp\/v2\/users\/1"}],"replies":[{"embeddable":true,"href":"https:\/\/www.alexander-styles.de\/en\/wp-json\/wp\/v2\/comments?post=1600"}],"version-history":[{"count":61,"href":"https:\/\/www.alexander-styles.de\/en\/wp-json\/wp\/v2\/pages\/1600\/revisions"}],"predecessor-version":[{"id":2355,"href":"https:\/\/www.alexander-styles.de\/en\/wp-json\/wp\/v2\/pages\/1600\/revisions\/2355"}],"wp:attachment":[{"href":"https:\/\/www.alexander-styles.de\/en\/wp-json\/wp\/v2\/media?parent=1600"}],"curies":[{"name":"wp","href":"https:\/\/api.w.org\/{rel}","templated":true}]}}